{"id":1144,"date":"2024-01-17T09:46:03","date_gmt":"2024-01-17T09:46:03","guid":{"rendered":"http:\/\/www.katlanabilirstandcadirifiyatlari.com\/?post_type=product&#038;p=1144"},"modified":"2024-01-17T09:50:43","modified_gmt":"2024-01-17T09:50:43","slug":"clk-2x3-katlanabilir-tente-3-yan-kapali-1-yan-kapi-ve-pencereli","status":"publish","type":"product","link":"http:\/\/www.katlanabilirstandcadirifiyatlari.com\/index.php\/urun\/clk-2x3-katlanabilir-tente-3-yan-kapali-1-yan-kapi-ve-pencereli\/","title":{"rendered":"CLK 2&#215;3 Katlanabilir Tente 3 Yan Kapal\u0131 1 Yan Kap\u0131 ve Pencereli"},"content":{"rendered":"<h2 style=\"text-align: center;\">CLK 2&#215;3 Katlanabilir Tente 3 Yan Kapal\u0131 1 Yan Kap\u0131 ve Pencereli<\/h2>\n<h2 style=\"text-align: center;\">T\u00fcrkiye&#8217;de Tek \u0130malat\u00e7\u0131 Firma CLK Ticaret Garantisi<\/h2>\n<h3 style=\"text-align: center;\"><strong>\u0130LET\u0130\u015e\u0130M: 0 533 925 36 78\u00a0<\/strong><\/h3>\n<p><img loading=\"lazy\" decoding=\"async\" class=\"size-medium wp-image-2159 aligncenter\" src=\"http:\/\/www.gazebocadir.com.tr\/wp-content\/uploads\/2022\/12\/koyu-yesil-gazebo-katlanir-2x3-clk-portatif-cadir-tente-300x300.jpg\" alt=\"\" width=\"300\" height=\"300\" \/><\/p>\n<p>&nbsp;<\/p>\n<h3>2&#215;3 mt CLK Gazebo \u00c7ad\u0131rlar\u0131<\/h3>\n<h3>3 Kenar Kapal\u0131 + 1 Kap\u0131 ve Pencereli<\/h3>\n<div>\u0130malat\u00e7\u0131 firma\u00a0CLK T\u0130CARET\u00a0g\u00fcvencesi ile %100 su ge\u00e7irmez Oxford kuma\u015f ile \u00fcretilmi\u015f, branda ve iskelet garantili katlanabilir gazebo \u00e7ad\u0131rlar\u0131.<\/div>\n<div><\/div>\n<div>Paket \u0130\u00e7eri\u011fi:\u00a0\u00a0Gazebo Tavan Kuma\u015f\u0131 + CLK \u0130skelet + 1 Adet 3 mt Arka Duvar + 2 Adet 2 mt Yan Duvar + 1 Adet 3 mt Kap\u0131l\u0131 ve Pencereli Yan Duvar<\/div>\n<div>Kap\u0131 Detay:\u00a090x180cm<\/div>\n<div>Pencere Detay:\u00a0105x105cm Kare<\/div>\n<div><\/div>\n<div>Not:\u00a0\u00c7ad\u0131r 4 Kenar\u0131nda c\u0131rt sistemi mevcuttur, duvar\u0131 s\u00f6kerek istedi\u011finiz kenarda kullanabilirsiniz.<\/div>\n<ul>\n<li>17 Farkl\u0131 Branda (Kuma\u015f) Renk Se\u00e7ene\u011fi<\/li>\n<li>%100 Su Ge\u00e7irmez Tavan<\/li>\n<li>Ayaklar\u0131nda yere sabitlemek i\u00e7in delikler bulunmaktad\u0131r, ayr\u0131ca \u00e7ad\u0131r brandas\u0131n\u0131n 4 kenar\u0131nda ip ile yere sabitlemek i\u00e7in halka bulunmaktad\u0131r.<\/li>\n<li>Kullan\u0131m Alanlar\u0131: Kamp, Bah\u00e7e, Piknik, G\u00f6lgelik, Outdoor, Organizasyon, Stand, Pazar gibi t\u00fcm alanlarda kullanabilece\u011finiz en sa\u011flam katlanabilir gazebo \u00e7ad\u0131r imalat\u0131n\u0131 yapan tek firma\u00a0CLK Gazebo \u00c7ad\u0131r.<\/li>\n<\/ul>\n<div><strong>Profil Se\u00e7enekleri: 30x30x1 mm kare \u00e7elik profil, 40&#215;1,2 mm alt\u0131gen \u00e7elik profil, 40&#215;1,2 mm alt\u0131gen al\u00fcminyum profil, 52&#215;1,5 mm sekizgen al\u00fcminyum profil<\/strong><\/div>\n<div><\/div>\n<div><strong>T\u00fcrkiye Geneli Kargo \u0130le G\u00f6nderim<\/strong><\/div>\n<h3>\u0130leti\u015fim:<\/h3>\n<div><strong>Ankara<\/strong>: 0 312 429 02 09<\/div>\n<div><strong>\u0130stanbul Anadolu Yakas\u0131<\/strong>: 0 216 599 03 53<\/div>\n<div><strong>\u0130stanbul Avrupa Yakas\u0131<\/strong>: 0 850 885 13 65<\/div>\n<div><strong>\u0130zmir<\/strong>: 0 850 885 20 19<\/div>\n<div><strong>Bursa<\/strong>: 0 850 885 20 29<\/div>\n<div><strong>Antalya<\/strong>: 0 850 885 19 89<\/div>\n<div><strong>\u0130zmit<\/strong>&#8211;<strong>Kocaeli<\/strong>: 0 850 885 09 05<\/div>\n<div><strong>T\u00fcrkiye<\/strong> <strong>Geneli<\/strong> <strong>Sat\u0131\u015f Hatt\u0131<\/strong>: 0 533 925 36 78 (Whatsapp)<\/div>\n<div><strong>E<\/strong>&#8211;<strong>Mail<\/strong>: <a href=\"mailto:info@gazebocadir.com.tr\"><strong>info@gazebocadir.com.tr<\/strong><\/a><\/div>\n<div><\/div>\n","protected":false},"excerpt":{"rendered":"<h2 style=\"text-align: center;\">CLK 2&#215;3 Katlanabilir Tente 3 Yan Kapal\u0131 1 Yan Kap\u0131 ve Pencereli<\/h2>\n<h2 style=\"text-align: center;\">T\u00fcrkiye&#8217;de Tek \u0130malat\u00e7\u0131 Firma CLK Ticaret Garantisi<\/h2>\n<h3 style=\"text-align: center;\"><strong>\u0130LET\u0130\u015e\u0130M: 0 533 925 36 78\u00a0<\/strong><\/h3>\n","protected":false},"featured_media":1524,"comment_status":"closed","ping_status":"closed","template":"","meta":{"om_disable_all_campaigns":false,"_monsterinsights_skip_tracking":false,"_monsterinsights_sitenote_active":false,"_monsterinsights_sitenote_note":"","_monsterinsights_sitenote_category":0},"product_cat":[1115,1207,1208,1209,1210,1211,1212,1213],"product_tag":[1214,1215,1190,1216,38,1217,1218,1219,1220,44,176,1221,1142,1222,57],"aioseo_notices":[],"_links":{"self":[{"href":"http:\/\/www.katlanabilirstandcadirifiyatlari.com\/index.php\/wp-json\/wp\/v2\/product\/1144"}],"collection":[{"href":"http:\/\/www.katlanabilirstandcadirifiyatlari.com\/index.php\/wp-json\/wp\/v2\/product"}],"about":[{"href":"http:\/\/www.katlanabilirstandcadirifiyatlari.com\/index.php\/wp-json\/wp\/v2\/types\/product"}],"replies":[{"embeddable":true,"href":"http:\/\/www.katlanabilirstandcadirifiyatlari.com\/index.php\/wp-json\/wp\/v2\/comments?post=1144"}],"wp:featuredmedia":[{"embeddable":true,"href":"http:\/\/www.katlanabilirstandcadirifiyatlari.com\/index.php\/wp-json\/wp\/v2\/media\/1524"}],"wp:attachment":[{"href":"http:\/\/www.katlanabilirstandcadirifiyatlari.com\/index.php\/wp-json\/wp\/v2\/media?parent=1144"}],"wp:term":[{"taxonomy":"product_cat","embeddable":true,"href":"http:\/\/www.katlanabilirstandcadirifiyatlari.com\/index.php\/wp-json\/wp\/v2\/product_cat?post=1144"},{"taxonomy":"product_tag","embeddable":true,"href":"http:\/\/www.katlanabilirstandcadirifiyatlari.com\/index.php\/wp-json\/wp\/v2\/product_tag?post=1144"}],"curies":[{"name":"wp","href":"https:\/\/api.w.org\/{rel}","templated":true}]}}