{"id":1146,"date":"2024-01-17T09:46:04","date_gmt":"2024-01-17T09:46:04","guid":{"rendered":"http:\/\/www.katlanabilirstandcadirifiyatlari.com\/?post_type=product&#038;p=1146"},"modified":"2024-01-17T09:51:08","modified_gmt":"2024-01-17T09:51:08","slug":"clk-2x3-katlanabilir-tente-3-yan-kapali-gazebo-cadir-portatif-makasli-cardak","status":"publish","type":"product","link":"http:\/\/www.katlanabilirstandcadirifiyatlari.com\/index.php\/urun\/clk-2x3-katlanabilir-tente-3-yan-kapali-gazebo-cadir-portatif-makasli-cardak\/","title":{"rendered":"CLK 2&#215;3 Katlanabilir Tente 3 Yan Kapal\u0131 Gazebo \u00c7ad\u0131r Portatif Makasl\u0131 \u00c7ardak"},"content":{"rendered":"<h2 style=\"text-align: center;\">CLK 2&#215;3 Katlanabilir Tente 3 Yan Kapal\u0131 Gazebo \u00c7ad\u0131r Portatif Makasl\u0131 \u00c7ardak<\/h2>\n<h2 style=\"text-align: center;\">T\u00fcrkiye&#8217;de Tek \u0130malat\u00e7\u0131 Firma CLK Ticaret Garantisi<\/h2>\n<h3 style=\"text-align: center;\"><strong>\u0130LET\u0130\u015e\u0130M: 0 533 925 36 78\u00a0<\/strong><\/h3>\n<p><img loading=\"lazy\" decoding=\"async\" class=\"size-medium wp-image-2198 aligncenter\" src=\"http:\/\/www.gazebocadir.com.tr\/wp-content\/uploads\/2023\/01\/clk-garden-2x3-katlanabilir-tente-mor-gazebo-cadir-ucuz-fiyat-clk-gazebo-tente-cadir-portatif-cardak-300x300.jpg\" alt=\"\" width=\"300\" height=\"300\" \/><\/p>\n<h3>2&#215;3 mt CLK Gazebo \u00e7ad\u0131r portatif stand \u00e7ad\u0131r\u0131<\/h3>\n<h3>3 Kenar Kapal\u0131 Gazebo tente<\/h3>\n<div>\u0130malat\u00e7\u0131 firma\u00a0CLK T\u0130CARET\u00a0g\u00fcvencesi ile %100 su ge\u00e7irmez Oxford kuma\u015f ile \u00fcretilmi\u015f, branda ve iskelet garantili katlanabilir gazebo \u00e7ad\u0131rlar\u0131.<\/div>\n<div><\/div>\n<div>Paket \u0130\u00e7eri\u011fi:\u00a0\u00a0Gazebo Tavan Kuma\u015f\u0131 + Al\u00fcminyum veya \u00e7elik CLK profilleri + 1 Adet 3 mt Yan Duvar + 2 Adet 2 mt Yan Duvar<\/div>\n<div><\/div>\n<div><strong>Profil Se\u00e7enekleri: 30x30x1 mm kare \u00e7elik profil, 40&#215;1,2 mm alt\u0131gen \u00e7elik profil, 40&#215;1,2 mm alt\u0131gen al\u00fcminyum profil, 52&#215;1,5 mm sekizgen al\u00fcminyum profil<\/strong><\/div>\n<div><\/div>\n<div>Not:\u00a0\u00c7ad\u0131r 4 Kenar\u0131nda c\u0131rt sistemi mevcuttur, duvar\u0131 s\u00f6kerek istedi\u011finiz kenarda kullanabilirsiniz.<\/div>\n<ul>\n<li>17 Farkl\u0131 Branda (Kuma\u015f) Renk Se\u00e7ene\u011fi<\/li>\n<li>%100 Su Ge\u00e7irmez Tavan<\/li>\n<li>Ayaklar\u0131nda yere sabitlemek i\u00e7in delikler bulunmaktad\u0131r, ayr\u0131ca \u00e7ad\u0131r brandas\u0131n\u0131n 4 kenar\u0131nda ip ile yere sabitlemek i\u00e7in halka bulunmaktad\u0131r.<\/li>\n<li>Kullan\u0131m Alanlar\u0131: Kamp, Bah\u00e7e, Piknik, G\u00f6lgelik, Outdoor, Organizasyon, Stand, Pazar gibi t\u00fcm alanlarda kullanabilece\u011finiz en sa\u011flam katlanabilir gazebo \u00e7ad\u0131r imalat\u0131n\u0131 yapan tek firma\u00a0CLK Gazebo \u00c7ad\u0131r.<\/li>\n<\/ul>\n<div><strong>Teknik \u00d6zellikler<\/strong><\/div>\n<div>D\u0131\u015f Profil \u00d6l\u00e7\u00fcleri (Bacaklar): 30x30x0.8 mm<\/div>\n<div>\u0130\u00e7 Profil (Bacaklar) : 25x25x0.8 mm<\/div>\n<div>\u00c7apraz Makas Borular: 22x12x0.8 mm<\/div>\n<div>Profil Rengi : Beyaz<\/div>\n<div>Kapal\u0131 Boyutu: 20x30x157 cm<\/div>\n<div>A\u00e7\u0131k Boyutu: 200x300x (h) 190-220 cm (3 Kademe Y\u00fckseklik Ayar\u0131)<\/div>\n<div>Kaplad\u0131\u011f\u0131 Alan : 6 m2<\/div>\n<div>Branda Dahil 25 kg<\/div>\n<div>En Y\u00fcksek Nokta Kubbe Y\u00fcksekli\u011fi: 320 cm<\/div>\n<div><\/div>\n<p>&nbsp;<\/p>\n<p>&nbsp;<\/p>\n","protected":false},"excerpt":{"rendered":"<h2 style=\"text-align: center;\">CLK 2&#215;3 Katlanabilir Tente 3 Yan Kapal\u0131 Gazebo \u00c7ad\u0131r Portatif Makasl\u0131 \u00c7ardak<\/h2>\n<h2 style=\"text-align: center;\">T\u00fcrkiye&#8217;de Tek \u0130malat\u00e7\u0131 Firma CLK Ticaret Garantisi<\/h2>\n<h3 style=\"text-align: center;\"><strong>\u0130LET\u0130\u015e\u0130M: 0 533 925 36 78\u00a0<\/strong><\/h3>\n","protected":false},"featured_media":1563,"comment_status":"closed","ping_status":"closed","template":"","meta":{"om_disable_all_campaigns":false,"_monsterinsights_skip_tracking":false,"_monsterinsights_sitenote_active":false,"_monsterinsights_sitenote_note":"","_monsterinsights_sitenote_category":0},"product_cat":[1241,1242,1243,1244],"product_tag":[1245,1246,1247,1248,1249,1250,1251],"aioseo_notices":[],"_links":{"self":[{"href":"http:\/\/www.katlanabilirstandcadirifiyatlari.com\/index.php\/wp-json\/wp\/v2\/product\/1146"}],"collection":[{"href":"http:\/\/www.katlanabilirstandcadirifiyatlari.com\/index.php\/wp-json\/wp\/v2\/product"}],"about":[{"href":"http:\/\/www.katlanabilirstandcadirifiyatlari.com\/index.php\/wp-json\/wp\/v2\/types\/product"}],"replies":[{"embeddable":true,"href":"http:\/\/www.katlanabilirstandcadirifiyatlari.com\/index.php\/wp-json\/wp\/v2\/comments?post=1146"}],"wp:featuredmedia":[{"embeddable":true,"href":"http:\/\/www.katlanabilirstandcadirifiyatlari.com\/index.php\/wp-json\/wp\/v2\/media\/1563"}],"wp:attachment":[{"href":"http:\/\/www.katlanabilirstandcadirifiyatlari.com\/index.php\/wp-json\/wp\/v2\/media?parent=1146"}],"wp:term":[{"taxonomy":"product_cat","embeddable":true,"href":"http:\/\/www.katlanabilirstandcadirifiyatlari.com\/index.php\/wp-json\/wp\/v2\/product_cat?post=1146"},{"taxonomy":"product_tag","embeddable":true,"href":"http:\/\/www.katlanabilirstandcadirifiyatlari.com\/index.php\/wp-json\/wp\/v2\/product_tag?post=1146"}],"curies":[{"name":"wp","href":"https:\/\/api.w.org\/{rel}","templated":true}]}}