{"id":1180,"date":"2024-01-17T09:46:30","date_gmt":"2024-01-17T09:46:30","guid":{"rendered":"http:\/\/www.katlanabilirstandcadirifiyatlari.com\/?post_type=product&#038;p=1180"},"modified":"2024-01-17T09:51:18","modified_gmt":"2024-01-17T09:51:18","slug":"clk-2x3-katlanabilir-tente-1-tam-duvar-3-yarim-duvar-portatif-gazebo-stand-cadiri","status":"publish","type":"product","link":"http:\/\/www.katlanabilirstandcadirifiyatlari.com\/index.php\/urun\/clk-2x3-katlanabilir-tente-1-tam-duvar-3-yarim-duvar-portatif-gazebo-stand-cadiri\/","title":{"rendered":"CLK 2&#215;3 Katlanabilir Tente 1 Tam Duvar 3 Yar\u0131m Duvar Portatif Gazebo Stand \u00c7ad\u0131r\u0131"},"content":{"rendered":"<h2 style=\"text-align: center;\">CLK 2&#215;3 Katlanabilir Tente 1 Tam Duvar 3 Yar\u0131m Duvar Portatif Gazebo Stand \u00c7ad\u0131r\u0131<\/h2>\n<p><img loading=\"lazy\" decoding=\"async\" class=\"size-medium wp-image-2204 aligncenter\" src=\"http:\/\/www.gazebocadir.com.tr\/wp-content\/uploads\/2023\/01\/clk-garden-2x3-katlanabilir-tente-turuncu-gazebo-cadir-ucuz-fiyat-gazebo-tente-cardak-portatif-cadirlari-300x300.jpg\" alt=\"\" width=\"300\" height=\"300\" \/><\/p>\n<h3>2&#215;3 mt CLK Gazebo \u00e7ad\u0131r portatif tente<\/h3>\n<h3>4 Yan Duvarl\u0131 &#8211; 3 Duvar Yar\u0131m + 1 Duvar Tam<\/h3>\n<div>\u0130malat\u00e7\u0131 firma\u00a0CLK T\u0130CARET\u00a0g\u00fcvencesi ile %100 su ge\u00e7irmez Oxford kuma\u015f ile \u00fcretilmi\u015f, branda ve iskelet garantili katlanabilir gazebo \u00e7ad\u0131rlar\u0131.<\/div>\n<div><\/div>\n<div>Paket \u0130\u00e7eri\u011fi:\u00a0\u00a0Gazebo Tavan Kuma\u015f\u0131 + Al\u00fcminyum veya \u00e7elik profil t + 1 adet 3 mt Tam Arka Duvar + 2 adet 3 mt Yar\u0131m Yan Duvar<\/div>\n<div><\/div>\n<div>Not:\u00a0\u00c7ad\u0131r 4 Kenar\u0131nda c\u0131rt sistemi mevcuttur, duvar\u0131 s\u00f6kerek istedi\u011finiz kenarda kullanabilirsiniz.<\/div>\n<ul>\n<li>17 Farkl\u0131 Branda (Kuma\u015f) Renk Se\u00e7ene\u011fi<\/li>\n<li>%100 Su Ge\u00e7irmez Tavan<\/li>\n<li>Ayaklar\u0131nda yere sabitlemek i\u00e7in delikler bulunmaktad\u0131r, ayr\u0131ca \u00e7ad\u0131r brandas\u0131n\u0131n 4 kenar\u0131nda ip ile yere sabitlemek i\u00e7in halka bulunmaktad\u0131r.<\/li>\n<li>Kullan\u0131m Alanlar\u0131: Kamp, Bah\u00e7e, Piknik, G\u00f6lgelik, Outdoor, Organizasyon, Stand, Pazar gibi t\u00fcm alanlarda kullanabilece\u011finiz en sa\u011flam katlanabilir gazebo \u00e7ad\u0131r imalat\u0131n\u0131 yapan tek firma\u00a0CLK Gazebo \u00c7ad\u0131r.<\/li>\n<\/ul>\n<div><strong>Teknik \u00d6zellikler<\/strong><\/div>\n<div>D\u0131\u015f Profil \u00d6l\u00e7\u00fcleri (Bacaklar): 30x30x0.8 mm<\/div>\n<div>\u0130\u00e7 Profil (Bacaklar) : 25x25x0.8 mm<\/div>\n<div>\u00c7apraz Makas Borular: 22x12x0.8 mm<\/div>\n<div>Profil Rengi : Beyaz<\/div>\n<div>Kapal\u0131 Boyutu: 20x30x157 cm<\/div>\n<div>A\u00e7\u0131k Boyutu: 200x300x (h) 190-220 cm (3 Kademe Y\u00fckseklik Ayar\u0131)<\/div>\n<div>Kaplad\u0131\u011f\u0131 Alan : 6 m2<\/div>\n<div>Branda Dahil 25 kg<\/div>\n<div>En Y\u00fcksek Nokta Kubbe Y\u00fcksekli\u011fi: 320 cm<\/div>\n","protected":false},"excerpt":{"rendered":"<p>CLK 2&#215;3 Katlanabilir Tente 1 Tam Duvar 3 Yar\u0131m Duvar Portatif Gazebo Stand \u00c7ad\u0131r\u0131<\/p>\n","protected":false},"featured_media":1581,"comment_status":"closed","ping_status":"closed","template":"","meta":{"om_disable_all_campaigns":false,"_monsterinsights_skip_tracking":false,"_monsterinsights_sitenote_active":false,"_monsterinsights_sitenote_note":"","_monsterinsights_sitenote_category":0},"product_cat":[1223,1175,1209,1186,74,333,1241,1176,1224,1200,1210,1166,1187,1167,1252,1168,1177,1253,1254,1255,1256],"product_tag":[1257,1258,1171,80,1190,1259,82,1250,1260,1261,1262,1263,48,1264,56,57],"aioseo_notices":[],"_links":{"self":[{"href":"http:\/\/www.katlanabilirstandcadirifiyatlari.com\/index.php\/wp-json\/wp\/v2\/product\/1180"}],"collection":[{"href":"http:\/\/www.katlanabilirstandcadirifiyatlari.com\/index.php\/wp-json\/wp\/v2\/product"}],"about":[{"href":"http:\/\/www.katlanabilirstandcadirifiyatlari.com\/index.php\/wp-json\/wp\/v2\/types\/product"}],"replies":[{"embeddable":true,"href":"http:\/\/www.katlanabilirstandcadirifiyatlari.com\/index.php\/wp-json\/wp\/v2\/comments?post=1180"}],"wp:featuredmedia":[{"embeddable":true,"href":"http:\/\/www.katlanabilirstandcadirifiyatlari.com\/index.php\/wp-json\/wp\/v2\/media\/1581"}],"wp:attachment":[{"href":"http:\/\/www.katlanabilirstandcadirifiyatlari.com\/index.php\/wp-json\/wp\/v2\/media?parent=1180"}],"wp:term":[{"taxonomy":"product_cat","embeddable":true,"href":"http:\/\/www.katlanabilirstandcadirifiyatlari.com\/index.php\/wp-json\/wp\/v2\/product_cat?post=1180"},{"taxonomy":"product_tag","embeddable":true,"href":"http:\/\/www.katlanabilirstandcadirifiyatlari.com\/index.php\/wp-json\/wp\/v2\/product_tag?post=1180"}],"curies":[{"name":"wp","href":"https:\/\/api.w.org\/{rel}","templated":true}]}}