{"id":1505,"date":"2024-01-17T09:50:23","date_gmt":"2024-01-17T09:50:23","guid":{"rendered":"http:\/\/www.katlanabilirstandcadirifiyatlari.com\/?post_type=product&#038;p=1505"},"modified":"2024-01-17T09:55:29","modified_gmt":"2024-01-17T09:55:29","slug":"clk-3x6-katlanabilir-tente-gazebo-cadir-makasli-cardak-2-yan-pencereli-1-yan-aksesuarsiz-1-yan-kapi-ve-pencereli","status":"publish","type":"product","link":"http:\/\/www.katlanabilirstandcadirifiyatlari.com\/index.php\/urun\/clk-3x6-katlanabilir-tente-gazebo-cadir-makasli-cardak-2-yan-pencereli-1-yan-aksesuarsiz-1-yan-kapi-ve-pencereli\/","title":{"rendered":"CLK 3&#215;6 Katlanabilir Tente Gazebo \u00c7ad\u0131r Makasl\u0131 \u00c7ardak 2 Yan Pencereli 1 Yan Aksesuars\u0131z 1 Yan Kap\u0131 ve Pencereli"},"content":{"rendered":"<h2 style=\"text-align: center;\">CLK 3&#215;6 Katlanabilir Tente Gazebo \u00c7ad\u0131r Makasl\u0131 \u00c7ardak 2 Yan Pencereli 1 Yan Aksesuars\u0131z 1 Yan Kap\u0131 ve Pencereli<\/h2>\n<h2 style=\"text-align: center;\">T\u00fcrkiye&#8217;de Tek \u0130malat\u00e7\u0131 Firma CLK Ticaret Garantisi<\/h2>\n<h3 style=\"text-align: center;\"><strong>\u0130LET\u0130\u015e\u0130M: 0 533 925 36 78\u00a0<\/strong><\/h3>\n<p><a href=\"http:\/\/www.gazebocadir.com.tr\/?attachment_id=2704\" rel=\"attachment wp-att-2704\"><img loading=\"lazy\" decoding=\"async\" class=\"aligncenter size-medium wp-image-2704\" src=\"http:\/\/www.gazebocadir.com.tr\/wp-content\/uploads\/2023\/01\/3x6-saks-mavi-camli-kapili-clk-katlanabillir-portatif-tente-makasli-cardak-cadir-iamalt-satis-300x200.jpg\" alt=\"\" width=\"300\" height=\"200\" \/><\/a><\/p>\n<h3>3&#215;6 mt CLK Gazebo \u00e7ad\u0131r portatif tente<\/h3>\n<h3>2 Kenar Pencereli + 1 Yan Kap\u0131 ve Pencereli + 1 Yan Aksesuars\u0131z<\/h3>\n<div>\u0130malat\u00e7\u0131 firma\u00a0CLK T\u0130CARET\u00a0g\u00fcvencesi ile %100 su ge\u00e7irmez Oxford kuma\u015f ile \u00fcretilmi\u015f, branda ve iskelet garantili katlanabilir gazebo \u00e7ad\u0131rlar\u0131.<\/div>\n<div><\/div>\n<div>Paket \u0130\u00e7eri\u011fi:\u00a0\u00a0Gazebo Tavan Kuma\u015f\u0131 + Al\u00fcminyum veya \u00e7elik profil + 2 Adet 3 mt Pencereli Yan Duvar + 1 Adet 6 mt Kap\u0131l\u0131 ve Pencereli Yan Duvar + 1 Adet 6 mt Aksesuars\u0131z Yan Duvar<\/div>\n<div>Kap\u0131 Detay:\u00a090x180cm<\/div>\n<div>Pencere Detay:\u00a0105x105cm Kare<\/div>\n<div><\/div>\n<div>Not:\u00a0\u00c7ad\u0131r 4 Kenar\u0131nda c\u0131rt sistemi mevcuttur, duvar\u0131 s\u00f6kerek istedi\u011finiz kenarda kullanabilirsiniz.<\/div>\n<ul>\n<li>17 Farkl\u0131 Branda (Kuma\u015f) Renk Se\u00e7ene\u011fi<\/li>\n<li>%100 Su Ge\u00e7irmez Tavan<\/li>\n<li>Ayaklar\u0131nda yere sabitlemek i\u00e7in delikler bulunmaktad\u0131r, ayr\u0131ca \u00e7ad\u0131r brandas\u0131n\u0131n 4 kenar\u0131nda ip ile yere sabitlemek i\u00e7in halka bulunmaktad\u0131r.<\/li>\n<li>Kullan\u0131m Alanlar\u0131: Kamp, Bah\u00e7e, Piknik, G\u00f6lgelik, Outdoor, Organizasyon, Stand, Pazar gibi t\u00fcm alanlarda kullanabilece\u011finiz en sa\u011flam katlanabilir gazebo \u00e7ad\u0131r imalat\u0131n\u0131 yapan tek firma\u00a0CLK Gazebo \u00c7ad\u0131r.<\/li>\n<\/ul>\n<h4>Teknik \u00d6zellikler<\/h4>\n<div>D\u0131\u015f Profil \u00d6l\u00e7\u00fcleri (Bacaklar): 40&#215;1.2 mm<\/div>\n<div>\u0130\u00e7 Profil (Bacaklar) : 30&#215;1.2 mm<\/div>\n<div>\u00c7apraz Makas Borular: 25x15x1.2 mm<\/div>\n<div>Profil Rengi : Siyah<\/div>\n<div>Kapal\u0131 Boyutu: 22x40x157 cm<\/div>\n<div>A\u00e7\u0131k Boyutu: 300&#215;600 x (h) 190-220 cm (3 Kademe Y\u00fckseklik Ayar\u0131)<\/div>\n<div>Kaplad\u0131\u011f\u0131 Alan : 18 m2<\/div>\n<div>Branda Dahil 60 kg<\/div>\n<div>En Y\u00fcksek Nokta Kubbe Y\u00fcksekli\u011fi: 320 cm<\/div>\n<div><\/div>\n<div>\n<div><\/div>\n<div>\n<div><strong>Profil Se\u00e7enekleri: 30x30x1 mm kare \u00e7elik profil, 40&#215;1,2 mm alt\u0131gen \u00e7elik profil, 40&#215;1,2 mm alt\u0131gen al\u00fcminyum profil, 52&#215;1,5 mm sekizgen al\u00fcminyum profil<\/strong><\/div>\n<div><\/div>\n<div><strong>T\u00fcrkiye Geneli Kargo \u0130le G\u00f6nderim<\/strong><\/div>\n<h3>\u0130leti\u015fim:<\/h3>\n<div><strong>Ankara<\/strong>: 0 312 429 02 09<\/div>\n<div><strong>\u0130stanbul Anadolu Yakas\u0131<\/strong>: 0 216 599 03 53<\/div>\n<div><strong>\u0130stanbul Avrupa Yakas\u0131<\/strong>: 0 850 885 13 65<\/div>\n<div><strong>\u0130zmir<\/strong>: 0 850 885 20 19<\/div>\n<div><strong>Bursa<\/strong>: 0 850 885 20 29<\/div>\n<div><strong>Antalya<\/strong>: 0 850 885 19 89<\/div>\n<div><strong>\u0130zmit<\/strong>&#8211;<strong>Kocaeli<\/strong>: 0 850 885 09 05<\/div>\n<div><strong>T\u00fcrkiye<\/strong> <strong>Geneli<\/strong> <strong>Sat\u0131\u015f Hatt\u0131<\/strong>: 0 533 925 36 78 (Whatsapp)<\/div>\n<div><strong>E<\/strong>&#8211;<strong>Mail<\/strong>: <a href=\"mailto:info@gazebocadir.com.tr\"><strong>info@gazebocadir.com.tr<\/strong><\/a><\/div>\n<\/div>\n<\/div>\n","protected":false},"excerpt":{"rendered":"<p>CLK 3&#215;6 Katlanabilir Tente Gazebo \u00c7ad\u0131r Makasl\u0131 \u00c7ardak 2 Yan Pencereli 1 Yan Aksesuars\u0131z 1 Yan Kap\u0131 ve Pencereli T\u00fcrkiye&#8217;de&#8230;<\/p>\n","protected":false},"featured_media":2053,"comment_status":"closed","ping_status":"closed","template":"","meta":{"om_disable_all_campaigns":false,"_monsterinsights_skip_tracking":false,"_monsterinsights_sitenote_active":false,"_monsterinsights_sitenote_note":"","_monsterinsights_sitenote_category":0},"product_cat":[1401,1402,1403,1404,1405,1406,1407,1408,1409],"product_tag":[1410,110,111,1411,1412,1413,44],"aioseo_notices":[],"_links":{"self":[{"href":"http:\/\/www.katlanabilirstandcadirifiyatlari.com\/index.php\/wp-json\/wp\/v2\/product\/1505"}],"collection":[{"href":"http:\/\/www.katlanabilirstandcadirifiyatlari.com\/index.php\/wp-json\/wp\/v2\/product"}],"about":[{"href":"http:\/\/www.katlanabilirstandcadirifiyatlari.com\/index.php\/wp-json\/wp\/v2\/types\/product"}],"replies":[{"embeddable":true,"href":"http:\/\/www.katlanabilirstandcadirifiyatlari.com\/index.php\/wp-json\/wp\/v2\/comments?post=1505"}],"wp:featuredmedia":[{"embeddable":true,"href":"http:\/\/www.katlanabilirstandcadirifiyatlari.com\/index.php\/wp-json\/wp\/v2\/media\/2053"}],"wp:attachment":[{"href":"http:\/\/www.katlanabilirstandcadirifiyatlari.com\/index.php\/wp-json\/wp\/v2\/media?parent=1505"}],"wp:term":[{"taxonomy":"product_cat","embeddable":true,"href":"http:\/\/www.katlanabilirstandcadirifiyatlari.com\/index.php\/wp-json\/wp\/v2\/product_cat?post=1505"},{"taxonomy":"product_tag","embeddable":true,"href":"http:\/\/www.katlanabilirstandcadirifiyatlari.com\/index.php\/wp-json\/wp\/v2\/product_tag?post=1505"}],"curies":[{"name":"wp","href":"https:\/\/api.w.org\/{rel}","templated":true}]}}