{"id":650,"date":"2024-01-17T09:40:08","date_gmt":"2024-01-17T09:40:08","guid":{"rendered":"http:\/\/www.katlanabilirstandcadirifiyatlari.com\/?post_type=product&#038;p=650"},"modified":"2024-01-17T09:42:49","modified_gmt":"2024-01-17T09:42:49","slug":"clk-garden-3-5-metre-yandan-dirsekli-kollu-bahce-semsiyesi-yuvarlak","status":"publish","type":"product","link":"http:\/\/www.katlanabilirstandcadirifiyatlari.com\/index.php\/urun\/clk-garden-3-5-metre-yandan-dirsekli-kollu-bahce-semsiyesi-yuvarlak\/","title":{"rendered":"CLK Garden 3.5 Metre Yandan Dirsekli Kollu Bah\u00e7e \u015eemsiyesi Yuvarlak"},"content":{"rendered":"<h2 style=\"text-align: center;\">CLK GARDEN BAH\u00c7E TERAS HAVUZ CAFE \u015eEMS\u0130YELER\u0130<\/h2>\n<h2 style=\"text-align: center;\"><\/h2>\n<h3 style=\"text-align: center;\">3.5 MT YANDAN KOLLU 360 DERECE \u00c7OK Y\u00d6NL\u00dc \u015eEMS\u0130YE<\/h3>\n<p>Hemen sat\u0131n almak ve \u00fcr\u00fcn hakk\u0131nda detayl\u0131 bilgi almak i\u00e7in <strong>0 535 661 97 22<\/strong> numaral\u0131 telefon ile bize ula\u015fabilirsiniz.<\/p>\n<div>\n<ul>\n<li>\n<div>Son derece zarif ve \u015f\u0131k g\u00f6r\u00fcn\u00fcml\u00fc \u015femsiye, yer kaplamayan tasar\u0131m\u0131yla teras ve bah\u00e7elerinizde sizi g\u00fcne\u015ften koruyacak.<\/div>\n<div><\/div>\n<\/li>\n<li>\n<div>\u00c7ubu\u011fun \u015femsiyenin ortas\u0131ndan de\u011fil de yan taraf\u0131ndan y\u00fckselecek \u015fekilde tasarlanm\u0131\u015f olmas\u0131 kullan\u0131m\u0131n\u0131 kolayla\u015ft\u0131racak, yerden tasarruf ederek masa veya oturma grubunuzu da daha rahat kullanman\u0131za imkan verir.<\/div>\n<\/li>\n<li>\n<div>E\u011filebilme \u00f6zelli\u011fi ve dengeli ayaklar\u0131yla kullan\u0131m\u0131 rahatt\u0131r.<\/div>\n<\/li>\n<li>Malzeme: Kaliteli polyester \u00f6rt\u00fc, al\u00fcminyum ba\u011flant\u0131 par\u00e7alar\u0131<\/li>\n<li>G\u00fc\u00e7l\u00fc kal\u0131n mekanizma<\/li>\n<li>Renk: Antrasit<\/li>\n<li>\u00c7ap: 300 cm<\/li>\n<li>\u00dcr\u00fcn g\u00fcne\u015ften korunma i\u00e7in uygundur. Olumsuz hava \u015fartlar\u0131nda kullan\u0131ma uygun de\u011fildir<\/li>\n<\/ul>\n<div>Teknik Detaylar<\/div>\n<div>\u00dcr\u00fcn Y\u00fckseklik (Giri\u015f): 210 cm<\/div>\n<div>\u00dcr\u00fcn Geni\u015flik: 3 mt<\/div>\n<\/div>\n<div>\n<h3>CLK 3.5 Metre Yandan Kollu Bah\u00e7e \u015eemsiye \u0130leti\u015fim Bilgileri:<\/h3>\n<p>Ankara: 0 312 429 02 09<\/p>\n<p>\u0130stanbul: 0 216 599 03 53<\/p>\n<p>\u0130zmir: 0 850 885 13 65<\/p>\n<p>Antalya: 0 850 885 09 05<\/p>\n<p>Bursa: 0 850 885 20 19<\/p>\n<p>Adana: 0 850 885 20 29<\/p>\n<p>T\u00fcrkiye Geneli Sipari\u015f Hatt\u0131: 0 535 661 97 22<\/p>\n<p>E-Mail:<a href=\"mailto:info@clksemsiye.com.tr\"> info@clksemsiye.com.tr<\/a><\/p>\n<\/div>\n<figure id=\"attachment_2105\" aria-describedby=\"caption-attachment-2105\" style=\"width: 477px\" class=\"wp-caption aligncenter\"><a href=\"http:\/\/www.bahcebalkonmobilyalari.com.tr\/?attachment_id=2105\" rel=\"attachment wp-att-2105\"><img loading=\"lazy\" decoding=\"async\" class=\" wp-image-2105\" src=\"http:\/\/www.bahcebalkonmobilyalari.com.tr\/wp-content\/uploads\/2022\/04\/clk-garden-yandan-kollu-semsiye-bahce-semsiyesi-yandan-dirsekli-kollu.jpg\" alt=\"clk 3 metre bah\u00e7e \u015femsiyesi yandan kollu \u015femsiye fiyatlar\u0131 imalat\u0131\" width=\"477\" height=\"477\" \/><\/a><figcaption id=\"caption-attachment-2105\" class=\"wp-caption-text\">clk 3.5 metre bah\u00e7e \u015femsiyesi yandan kollu \u015femsiye fiyatlar\u0131 imalat\u0131<\/figcaption><\/figure>\n","protected":false},"excerpt":{"rendered":"<p>CLK GARDEN BAH\u00c7E TERAS HAVUZ CAFE \u015eEMS\u0130YELER\u0130 3.5 MT YANDAN KOLLU 360 DERECE \u00c7OK Y\u00d6NL\u00dc \u015eEMS\u0130YE Hemen sat\u0131n almak ve&#8230;<\/p>\n","protected":false},"featured_media":873,"comment_status":"open","ping_status":"closed","template":"","meta":{"om_disable_all_campaigns":false,"_monsterinsights_skip_tracking":false,"_monsterinsights_sitenote_active":false,"_monsterinsights_sitenote_note":"","_monsterinsights_sitenote_category":0},"product_cat":[468,469,478,479,437,503,504,440,471,441,482,445,472,485,486],"product_tag":[505,500,506,454,501,502],"aioseo_notices":[],"_links":{"self":[{"href":"http:\/\/www.katlanabilirstandcadirifiyatlari.com\/index.php\/wp-json\/wp\/v2\/product\/650"}],"collection":[{"href":"http:\/\/www.katlanabilirstandcadirifiyatlari.com\/index.php\/wp-json\/wp\/v2\/product"}],"about":[{"href":"http:\/\/www.katlanabilirstandcadirifiyatlari.com\/index.php\/wp-json\/wp\/v2\/types\/product"}],"replies":[{"embeddable":true,"href":"http:\/\/www.katlanabilirstandcadirifiyatlari.com\/index.php\/wp-json\/wp\/v2\/comments?post=650"}],"wp:featuredmedia":[{"embeddable":true,"href":"http:\/\/www.katlanabilirstandcadirifiyatlari.com\/index.php\/wp-json\/wp\/v2\/media\/873"}],"wp:attachment":[{"href":"http:\/\/www.katlanabilirstandcadirifiyatlari.com\/index.php\/wp-json\/wp\/v2\/media?parent=650"}],"wp:term":[{"taxonomy":"product_cat","embeddable":true,"href":"http:\/\/www.katlanabilirstandcadirifiyatlari.com\/index.php\/wp-json\/wp\/v2\/product_cat?post=650"},{"taxonomy":"product_tag","embeddable":true,"href":"http:\/\/www.katlanabilirstandcadirifiyatlari.com\/index.php\/wp-json\/wp\/v2\/product_tag?post=650"}],"curies":[{"name":"wp","href":"https:\/\/api.w.org\/{rel}","templated":true}]}}