{"id":941,"date":"2024-01-17T09:43:42","date_gmt":"2024-01-17T09:43:42","guid":{"rendered":"http:\/\/www.katlanabilirstandcadirifiyatlari.com\/?post_type=product&#038;p=941"},"modified":"2024-01-17T09:46:50","modified_gmt":"2024-01-17T09:46:50","slug":"clk-baskili-ve-baskisiz-plaj-gunes-semsiyeleri-imalati-satisi","status":"publish","type":"product","link":"http:\/\/www.katlanabilirstandcadirifiyatlari.com\/index.php\/urun\/clk-baskili-ve-baskisiz-plaj-gunes-semsiyeleri-imalati-satisi\/","title":{"rendered":"CLK Bask\u0131l\u0131 ve Bask\u0131s\u0131z Plaj G\u00fcne\u015f \u015eemsiyeleri \u0130malat\u0131 Sat\u0131\u015f\u0131"},"content":{"rendered":"<h2 style=\"text-align: center;\">CLK Bask\u0131l\u0131 ve Bask\u0131s\u0131z Plaj G\u00fcne\u015f \u015eemsiyeleri \u0130malat\u0131 Sat\u0131\u015f\u0131<\/h2>\n<div>\n<p>Kuma\u015f : 140 gram\/ m2 %100 Polyester Oxford Kuma\u015f<br \/>\nKaplama : Su itici \u00d6zellikli<br \/>\nMekanizma : 360 Derece her y\u00fcne d\u00f6nebilen Head Tilt<\/p>\n<ul>\n<li>\u00dcst boru 22 mm, Alt boru 25 mm,<\/li>\n<li>Teller 3.80 mm, Beyaz elektrostatik toz boyal\u0131<\/li>\n<\/ul>\n<p><strong>Y\u00fcksek UV hasl\u0131\u011f\u0131 | Su itici | Su ge\u00e7irmez.<\/strong><\/p>\n<table class=\"table table-sm table-striped text-center table-hover table-responsive table-primary table-bordered\">\n<thead>\n<tr>\n<th><strong>Tasar\u0131m<\/strong><\/th>\n<th><strong>\u00d6l\u00e7\u00fc (cm)<\/strong><\/th>\n<th><strong>Profil (mm)<\/strong><\/th>\n<th><strong>Boru (mm)<\/strong><\/th>\n<th><strong>Koli i\u00e7i<\/strong><\/th>\n<th>Koli \u00d6l\u00e7\u00fcs\u00fc (cm)<\/th>\n<th><strong>A\u011f\u0131rl\u0131k (kg)<\/strong><\/th>\n<\/tr>\n<tr>\n<td>Yuvarlak<\/td>\n<td>180 \/ 8<\/td>\n<td colspan=\"1\">3.80<\/td>\n<td colspan=\"1\">22 \/ 25<\/td>\n<td colspan=\"1\">10\u00a0Adet<\/td>\n<td>25 x 125 x 25<\/td>\n<td>23<\/td>\n<\/tr>\n<tr>\n<td>Yuvarlak<\/td>\n<td>200 \/ 8<\/td>\n<td colspan=\"1\">3.80<\/td>\n<td colspan=\"1\">22 \/ 25<\/td>\n<td colspan=\"1\">10\u00a0Adet<\/td>\n<td>25 x 125 x 25<\/td>\n<td>25<\/td>\n<\/tr>\n<tr>\n<td>Yuvarlak<\/td>\n<td>200 \/ 10<\/td>\n<td colspan=\"1\">3.80<\/td>\n<td colspan=\"1\">22 \/ 25<\/td>\n<td colspan=\"1\">10\u00a0Adet<\/td>\n<td>25 x 125 x 25<\/td>\n<td>27<\/td>\n<\/tr>\n<tr>\n<td>Yuvarlak<\/td>\n<td>250 \/ 10<\/td>\n<td colspan=\"1\">4.20<\/td>\n<td colspan=\"1\">47\/50<\/td>\n<td colspan=\"1\">6 Adet<\/td>\n<td>24 x 255 x 24<\/td>\n<td>28<\/td>\n<\/tr>\n<tr>\n<td>Kare<\/td>\n<td>135 x 135 \/ 4<\/td>\n<td colspan=\"1\">4.20<\/td>\n<td>47\/50<\/td>\n<td colspan=\"1\">10 Adet<\/td>\n<td colspan=\"1\">22 x 255 x 22<\/td>\n<td>20<\/td>\n<\/tr>\n<\/thead>\n<\/table>\n<\/div>\n<div class=\"pt-wrapper\">\n<div class=\"tt-heading-inner\">\n<h3>CLK G\u00fcne\u015f Plaj \u015eemsiyeleri \u0130malat\u0131 ve Sat\u0131\u015f\u0131 \u0130leti\u015fim Bilgileri:<\/h3>\n<p>Ankara: 0 312 429 02 09<\/p>\n<p>\u0130stanbul: 0 216 599 03 53<\/p>\n<p>\u0130zmir: 0 850 885 13 65<\/p>\n<p>Antalya: 0 850 885 09 05<\/p>\n<p>Bursa: 0 850 885 20 19<\/p>\n<p>Adana: 0 850 885 20 29<\/p>\n<p>T\u00fcrkiye Geneli Sipari\u015f Hatt\u0131: 0 535 661 97 22<\/p>\n<p>E-Mail: <a href=\"mailto:info@clksemsiye.com.tr\">info@clksemsiye.com.tr<\/a><\/p>\n<\/div>\n<div id='gallery-1' class='gallery galleryid-941 gallery-columns-3 gallery-size-full'><figure class='gallery-item'>\n\t\t\t<div class='gallery-icon landscape'>\n\t\t\t\t<a href='http:\/\/www.katlanabilirstandcadirifiyatlari.com\/?attachment_id=2579'><img loading=\"lazy\" decoding=\"async\" width=\"900\" height=\"600\" src=\"http:\/\/www.katlanabilirstandcadirifiyatlari.com\/wp-content\/uploads\/2024\/01\/clk-4x6-gazebo-katlanir-cadir-portatif-stand-reklam-tanitim-cadiri-portatif-tente-makasli-52-mm-kalin-aluminyum-belediye-parti-cadiri-gri-3-yani-kapali.jpg\" class=\"attachment-full size-full\" alt=\"\" srcset=\"http:\/\/www.katlanabilirstandcadirifiyatlari.com\/wp-content\/uploads\/2024\/01\/clk-4x6-gazebo-katlanir-cadir-portatif-stand-reklam-tanitim-cadiri-portatif-tente-makasli-52-mm-kalin-aluminyum-belediye-parti-cadiri-gri-3-yani-kapali.jpg 900w, http:\/\/www.katlanabilirstandcadirifiyatlari.com\/wp-content\/uploads\/2024\/01\/clk-4x6-gazebo-katlanir-cadir-portatif-stand-reklam-tanitim-cadiri-portatif-tente-makasli-52-mm-kalin-aluminyum-belediye-parti-cadiri-gri-3-yani-kapali-300x200.jpg 300w, http:\/\/www.katlanabilirstandcadirifiyatlari.com\/wp-content\/uploads\/2024\/01\/clk-4x6-gazebo-katlanir-cadir-portatif-stand-reklam-tanitim-cadiri-portatif-tente-makasli-52-mm-kalin-aluminyum-belediye-parti-cadiri-gri-3-yani-kapali-768x512.jpg 768w, http:\/\/www.katlanabilirstandcadirifiyatlari.com\/wp-content\/uploads\/2024\/01\/clk-4x6-gazebo-katlanir-cadir-portatif-stand-reklam-tanitim-cadiri-portatif-tente-makasli-52-mm-kalin-aluminyum-belediye-parti-cadiri-gri-3-yani-kapali-600x400.jpg 600w\" sizes=\"(max-width: 900px) 100vw, 900px\" \/><\/a>\n\t\t\t<\/div><\/figure>\n\t\t<\/div>\n\n<\/div>\n","protected":false},"excerpt":{"rendered":"<p>CLK Bask\u0131l\u0131 ve Bask\u0131s\u0131z Plaj G\u00fcne\u015f \u015eemsiyeleri \u0130malat\u0131 Sat\u0131\u015f\u0131 Kuma\u015f : 140 gram\/ m2 %100 Polyester Oxford Kuma\u015f Kaplama :&#8230;<\/p>\n","protected":false},"featured_media":1210,"comment_status":"open","ping_status":"closed","template":"","meta":{"om_disable_all_campaigns":false,"_monsterinsights_skip_tracking":false,"_monsterinsights_sitenote_active":false,"_monsterinsights_sitenote_note":"","_monsterinsights_sitenote_category":0},"product_cat":[837,838,839,840],"product_tag":[841,842,843,844,455],"aioseo_notices":[],"_links":{"self":[{"href":"http:\/\/www.katlanabilirstandcadirifiyatlari.com\/index.php\/wp-json\/wp\/v2\/product\/941"}],"collection":[{"href":"http:\/\/www.katlanabilirstandcadirifiyatlari.com\/index.php\/wp-json\/wp\/v2\/product"}],"about":[{"href":"http:\/\/www.katlanabilirstandcadirifiyatlari.com\/index.php\/wp-json\/wp\/v2\/types\/product"}],"replies":[{"embeddable":true,"href":"http:\/\/www.katlanabilirstandcadirifiyatlari.com\/index.php\/wp-json\/wp\/v2\/comments?post=941"}],"wp:featuredmedia":[{"embeddable":true,"href":"http:\/\/www.katlanabilirstandcadirifiyatlari.com\/index.php\/wp-json\/wp\/v2\/media\/1210"}],"wp:attachment":[{"href":"http:\/\/www.katlanabilirstandcadirifiyatlari.com\/index.php\/wp-json\/wp\/v2\/media?parent=941"}],"wp:term":[{"taxonomy":"product_cat","embeddable":true,"href":"http:\/\/www.katlanabilirstandcadirifiyatlari.com\/index.php\/wp-json\/wp\/v2\/product_cat?post=941"},{"taxonomy":"product_tag","embeddable":true,"href":"http:\/\/www.katlanabilirstandcadirifiyatlari.com\/index.php\/wp-json\/wp\/v2\/product_tag?post=941"}],"curies":[{"name":"wp","href":"https:\/\/api.w.org\/{rel}","templated":true}]}}